{"id":12506,"date":"2021-03-19T12:06:16","date_gmt":"2021-03-19T11:06:16","guid":{"rendered":"https:\/\/www.tilkee.com\/kontakt\/"},"modified":"2024-10-10T17:42:41","modified_gmt":"2024-10-10T15:42:41","slug":"kontakt","status":"publish","type":"page","link":"https:\/\/www.tilkee.com\/de\/kontakt\/","title":{"rendered":"Kontakt"},"content":{"rendered":"\t\t<div data-elementor-type=\"wp-post\" data-elementor-id=\"12506\" class=\"elementor elementor-12506 elementor-4442\" data-elementor-post-type=\"page\">\n\t\t\t\t\t\t<section class=\"elementor-section elementor-top-section elementor-element elementor-element-5e75c5f elementor-reverse-mobile elementor-section-boxed elementor-section-height-default elementor-section-height-default\" data-id=\"5e75c5f\" data-element_type=\"section\" data-settings=\"{&quot;background_background&quot;:&quot;classic&quot;}\">\n\t\t\t\t\t\t<div class=\"elementor-container elementor-column-gap-default\">\n\t\t\t\t\t<div class=\"elementor-column elementor-col-50 elementor-top-column elementor-element elementor-element-98139bc\" data-id=\"98139bc\" data-element_type=\"column\" data-settings=\"{&quot;background_background&quot;:&quot;classic&quot;}\">\n\t\t\t<div class=\"elementor-widget-wrap elementor-element-populated\">\n\t\t\t\t\t\t<div class=\"elementor-element elementor-element-3a4156f elementor-widget elementor-widget-heading\" data-id=\"3a4156f\" data-element_type=\"widget\" data-widget_type=\"heading.default\">\n\t\t\t\t<div class=\"elementor-widget-container\">\n\t\t\t<style>\/*! elementor - v3.23.0 - 25-07-2024 *\/\n.elementor-heading-title{padding:0;margin:0;line-height:1}.elementor-widget-heading .elementor-heading-title[class*=elementor-size-]>a{color:inherit;font-size:inherit;line-height:inherit}.elementor-widget-heading .elementor-heading-title.elementor-size-small{font-size:15px}.elementor-widget-heading .elementor-heading-title.elementor-size-medium{font-size:19px}.elementor-widget-heading .elementor-heading-title.elementor-size-large{font-size:29px}.elementor-widget-heading .elementor-heading-title.elementor-size-xl{font-size:39px}.elementor-widget-heading .elementor-heading-title.elementor-size-xxl{font-size:59px}<\/style><h1 class=\"elementor-heading-title elementor-size-default\">Kontaktieren Sie uns<\/h1>\t\t<\/div>\n\t\t\t\t<\/div>\n\t\t\t\t<div class=\"elementor-element elementor-element-5987d3a elementor-widget elementor-widget-html\" data-id=\"5987d3a\" data-element_type=\"widget\" data-widget_type=\"html.default\">\n\t\t\t\t<div class=\"elementor-widget-container\">\n\t\t\t<iframe src=\"https:\/\/info.efalia.com\/l\/1074742\/2024-10-10\/44kmnpz\" width=\"100%\" height=\"1200\" type=\"text\/html\" frameborder=\"0\" allowTransparency=\"true\" style=\"border: 0\"><\/iframe>\t\t<\/div>\n\t\t\t\t<\/div>\n\t\t\t\t\t<\/div>\n\t\t<\/div>\n\t\t\t\t<div class=\"elementor-column elementor-col-50 elementor-top-column elementor-element elementor-element-20c75d4\" data-id=\"20c75d4\" data-element_type=\"column\">\n\t\t\t<div class=\"elementor-widget-wrap elementor-element-populated\">\n\t\t\t\t\t\t<div class=\"elementor-element elementor-element-a0d92bc elementor-widget elementor-widget-heading\" data-id=\"a0d92bc\" data-element_type=\"widget\" data-widget_type=\"heading.default\">\n\t\t\t\t<div class=\"elementor-widget-container\">\n\t\t\t<p class=\"elementor-heading-title elementor-size-default\">Mehr als 250 Unternehmen haben sich f\u00fcr Tilkee by Efalia entschieden.<br><br>Warum nicht auch Sie?  <\/p>\t\t<\/div>\n\t\t\t\t<\/div>\n\t\t\t\t<div class=\"elementor-element elementor-element-a74aa33 elementor-widget elementor-widget-spacer\" data-id=\"a74aa33\" data-element_type=\"widget\" data-widget_type=\"spacer.default\">\n\t\t\t\t<div class=\"elementor-widget-container\">\n\t\t\t<style>\/*! elementor - v3.23.0 - 25-07-2024 *\/\n.elementor-column .elementor-spacer-inner{height:var(--spacer-size)}.e-con{--container-widget-width:100%}.e-con-inner>.elementor-widget-spacer,.e-con>.elementor-widget-spacer{width:var(--container-widget-width,var(--spacer-size));--align-self:var(--container-widget-align-self,initial);--flex-shrink:0}.e-con-inner>.elementor-widget-spacer>.elementor-widget-container,.e-con>.elementor-widget-spacer>.elementor-widget-container{height:100%;width:100%}.e-con-inner>.elementor-widget-spacer>.elementor-widget-container>.elementor-spacer,.e-con>.elementor-widget-spacer>.elementor-widget-container>.elementor-spacer{height:100%}.e-con-inner>.elementor-widget-spacer>.elementor-widget-container>.elementor-spacer>.elementor-spacer-inner,.e-con>.elementor-widget-spacer>.elementor-widget-container>.elementor-spacer>.elementor-spacer-inner{height:var(--container-widget-height,var(--spacer-size))}.e-con-inner>.elementor-widget-spacer.elementor-widget-empty,.e-con>.elementor-widget-spacer.elementor-widget-empty{position:relative;min-height:22px;min-width:22px}.e-con-inner>.elementor-widget-spacer.elementor-widget-empty .elementor-widget-empty-icon,.e-con>.elementor-widget-spacer.elementor-widget-empty .elementor-widget-empty-icon{position:absolute;top:0;bottom:0;left:0;right:0;margin:auto;padding:0;width:22px;height:22px}<\/style>\t\t<div class=\"elementor-spacer\">\n\t\t\t<div class=\"elementor-spacer-inner\"><\/div>\n\t\t<\/div>\n\t\t\t\t<\/div>\n\t\t\t\t<\/div>\n\t\t\t\t<div class=\"elementor-element elementor-element-4514312 elementor-widget elementor-widget-text-editor\" data-id=\"4514312\" data-element_type=\"widget\" data-widget_type=\"text-editor.default\">\n\t\t\t\t<div class=\"elementor-widget-container\">\n\t\t\t<style>\/*! elementor - v3.23.0 - 25-07-2024 *\/\n.elementor-widget-text-editor.elementor-drop-cap-view-stacked .elementor-drop-cap{background-color:#69727d;color:#fff}.elementor-widget-text-editor.elementor-drop-cap-view-framed .elementor-drop-cap{color:#69727d;border:3px solid;background-color:transparent}.elementor-widget-text-editor:not(.elementor-drop-cap-view-default) .elementor-drop-cap{margin-top:8px}.elementor-widget-text-editor:not(.elementor-drop-cap-view-default) .elementor-drop-cap-letter{width:1em;height:1em}.elementor-widget-text-editor .elementor-drop-cap{float:left;text-align:center;line-height:1;font-size:50px}.elementor-widget-text-editor .elementor-drop-cap-letter{display:inline-block}<\/style>\t\t\t\t<p>Ob Sie eine Demo anfordern, ein Angebot einholen, Partner werden m\u00f6chten oder eine andere Anfrage haben, z\u00f6gern Sie nicht, uns \u00fcber dieses einzigartige Formular zu kontaktieren.<\/p>\n\t\t\t\t\t\t<\/div>\n\t\t\t\t<\/div>\n\t\t\t\t\t<\/div>\n\t\t<\/div>\n\t\t\t\t\t<\/div>\n\t\t<\/section>\n\t\t\t\t<\/div>\n\t\t","protected":false},"excerpt":{"rendered":"<p>Kontaktieren Sie einen unserer Vertriebsmitarbeiter &#8211; Passen Sie unsere L\u00f6sung an Ihre Herausforderungen an<\/p>\n","protected":false},"author":1001068,"featured_media":0,"parent":0,"menu_order":0,"comment_status":"closed","ping_status":"closed","template":"elementor_header_footer","meta":{"_monsterinsights_skip_tracking":false,"_monsterinsights_sitenote_active":false,"_monsterinsights_sitenote_note":"","_monsterinsights_sitenote_category":0,"kk_blocks_editor_width":"","_kiokenblocks_attr":"","_kiokenblocks_dimensions":"","editor_plus_copied_stylings":"{}","footnotes":""},"class_list":["post-12506","page","type-page","status-publish","hentry","no-post-thumbnail"],"yoast_head":"<!-- This site is optimized with the Yoast SEO plugin v23.1 - https:\/\/yoast.com\/wordpress\/plugins\/seo\/ -->\n<title>Kontakt - Tilkee by Efalia<\/title>\n<meta name=\"description\" content=\"Kontaktieren Sie einen unserer Vertriebsmitarbeiter - Passen Sie unsere L\u00f6sung an Ihre Herausforderungen an\" \/>\n<meta name=\"robots\" content=\"index, follow, max-snippet:-1, max-image-preview:large, max-video-preview:-1\" \/>\n<link rel=\"canonical\" href=\"https:\/\/www.tilkee.com\/de\/kontakt\/\" \/>\n<meta property=\"og:locale\" content=\"de_DE\" \/>\n<meta property=\"og:type\" content=\"article\" \/>\n<meta property=\"og:title\" content=\"Kontakt - Tilkee by Efalia\" \/>\n<meta property=\"og:description\" content=\"Kontaktieren Sie einen unserer Vertriebsmitarbeiter - Passen Sie unsere L\u00f6sung an Ihre Herausforderungen an\" \/>\n<meta property=\"og:url\" content=\"https:\/\/www.tilkee.com\/de\/kontakt\/\" \/>\n<meta property=\"og:site_name\" content=\"Tilkee by Efalia\" \/>\n<meta property=\"article:modified_time\" content=\"2024-10-10T15:42:41+00:00\" \/>\n<meta name=\"twitter:card\" content=\"summary_large_image\" \/>\n<meta name=\"twitter:label1\" content=\"Gesch\u00e4tzte Lesezeit\" \/>\n\t<meta name=\"twitter:data1\" content=\"1 Minute\" \/>\n<script type=\"application\/ld+json\" class=\"yoast-schema-graph\">{\"@context\":\"https:\/\/schema.org\",\"@graph\":[{\"@type\":\"WebPage\",\"@id\":\"https:\/\/www.tilkee.com\/de\/kontakt\/\",\"url\":\"https:\/\/www.tilkee.com\/de\/kontakt\/\",\"name\":\"Kontakt - Tilkee by Efalia\",\"isPartOf\":{\"@id\":\"https:\/\/www.tilkee.com\/de\/#website\"},\"datePublished\":\"2021-03-19T11:06:16+00:00\",\"dateModified\":\"2024-10-10T15:42:41+00:00\",\"description\":\"Kontaktieren Sie einen unserer Vertriebsmitarbeiter - Passen Sie unsere L\u00f6sung an Ihre Herausforderungen an\",\"breadcrumb\":{\"@id\":\"https:\/\/www.tilkee.com\/de\/kontakt\/#breadcrumb\"},\"inLanguage\":\"de-DE\",\"potentialAction\":[{\"@type\":\"ReadAction\",\"target\":[\"https:\/\/www.tilkee.com\/de\/kontakt\/\"]}]},{\"@type\":\"BreadcrumbList\",\"@id\":\"https:\/\/www.tilkee.com\/de\/kontakt\/#breadcrumb\",\"itemListElement\":[{\"@type\":\"ListItem\",\"position\":1,\"name\":\"Startseite\",\"item\":\"https:\/\/www.tilkee.com\/de\/startseite\/\"},{\"@type\":\"ListItem\",\"position\":2,\"name\":\"Kontakt\"}]},{\"@type\":\"WebSite\",\"@id\":\"https:\/\/www.tilkee.com\/de\/#website\",\"url\":\"https:\/\/www.tilkee.com\/de\/\",\"name\":\"Tilkee by Efalia\",\"description\":\"La plateforme de partage de documents simple, s\u00e9curis\u00e9e et intelligente !\",\"publisher\":{\"@id\":\"https:\/\/www.tilkee.com\/de\/#organization\"},\"potentialAction\":[{\"@type\":\"SearchAction\",\"target\":{\"@type\":\"EntryPoint\",\"urlTemplate\":\"https:\/\/www.tilkee.com\/de\/?s={search_term_string}\"},\"query-input\":\"required name=search_term_string\"}],\"inLanguage\":\"de-DE\"},{\"@type\":\"Organization\",\"@id\":\"https:\/\/www.tilkee.com\/de\/#organization\",\"name\":\"Tilkee by Efalia\",\"url\":\"https:\/\/www.tilkee.com\/de\/\",\"logo\":{\"@type\":\"ImageObject\",\"inLanguage\":\"de-DE\",\"@id\":\"https:\/\/www.tilkee.com\/de\/#\/schema\/logo\/image\/\",\"url\":\"https:\/\/www.tilkee.com\/wp-content\/uploads\/sites\/40\/2024\/05\/Logo-Tilkee-Horizontal.png\",\"contentUrl\":\"https:\/\/www.tilkee.com\/wp-content\/uploads\/sites\/40\/2024\/05\/Logo-Tilkee-Horizontal.png\",\"width\":492,\"height\":72,\"caption\":\"Tilkee by Efalia\"},\"image\":{\"@id\":\"https:\/\/www.tilkee.com\/de\/#\/schema\/logo\/image\/\"}}]}<\/script>\n<!-- \/ Yoast SEO plugin. -->","yoast_head_json":{"title":"Kontakt - Tilkee by Efalia","description":"Kontaktieren Sie einen unserer Vertriebsmitarbeiter - Passen Sie unsere L\u00f6sung an Ihre Herausforderungen an","robots":{"index":"index","follow":"follow","max-snippet":"max-snippet:-1","max-image-preview":"max-image-preview:large","max-video-preview":"max-video-preview:-1"},"canonical":"https:\/\/www.tilkee.com\/de\/kontakt\/","og_locale":"de_DE","og_type":"article","og_title":"Kontakt - Tilkee by Efalia","og_description":"Kontaktieren Sie einen unserer Vertriebsmitarbeiter - Passen Sie unsere L\u00f6sung an Ihre Herausforderungen an","og_url":"https:\/\/www.tilkee.com\/de\/kontakt\/","og_site_name":"Tilkee by Efalia","article_modified_time":"2024-10-10T15:42:41+00:00","twitter_card":"summary_large_image","twitter_misc":{"Gesch\u00e4tzte Lesezeit":"1 Minute"},"schema":{"@context":"https:\/\/schema.org","@graph":[{"@type":"WebPage","@id":"https:\/\/www.tilkee.com\/de\/kontakt\/","url":"https:\/\/www.tilkee.com\/de\/kontakt\/","name":"Kontakt - Tilkee by Efalia","isPartOf":{"@id":"https:\/\/www.tilkee.com\/de\/#website"},"datePublished":"2021-03-19T11:06:16+00:00","dateModified":"2024-10-10T15:42:41+00:00","description":"Kontaktieren Sie einen unserer Vertriebsmitarbeiter - Passen Sie unsere L\u00f6sung an Ihre Herausforderungen an","breadcrumb":{"@id":"https:\/\/www.tilkee.com\/de\/kontakt\/#breadcrumb"},"inLanguage":"de-DE","potentialAction":[{"@type":"ReadAction","target":["https:\/\/www.tilkee.com\/de\/kontakt\/"]}]},{"@type":"BreadcrumbList","@id":"https:\/\/www.tilkee.com\/de\/kontakt\/#breadcrumb","itemListElement":[{"@type":"ListItem","position":1,"name":"Startseite","item":"https:\/\/www.tilkee.com\/de\/startseite\/"},{"@type":"ListItem","position":2,"name":"Kontakt"}]},{"@type":"WebSite","@id":"https:\/\/www.tilkee.com\/de\/#website","url":"https:\/\/www.tilkee.com\/de\/","name":"Tilkee by Efalia","description":"La plateforme de partage de documents simple, s\u00e9curis\u00e9e et intelligente !","publisher":{"@id":"https:\/\/www.tilkee.com\/de\/#organization"},"potentialAction":[{"@type":"SearchAction","target":{"@type":"EntryPoint","urlTemplate":"https:\/\/www.tilkee.com\/de\/?s={search_term_string}"},"query-input":"required name=search_term_string"}],"inLanguage":"de-DE"},{"@type":"Organization","@id":"https:\/\/www.tilkee.com\/de\/#organization","name":"Tilkee by Efalia","url":"https:\/\/www.tilkee.com\/de\/","logo":{"@type":"ImageObject","inLanguage":"de-DE","@id":"https:\/\/www.tilkee.com\/de\/#\/schema\/logo\/image\/","url":"https:\/\/www.tilkee.com\/wp-content\/uploads\/sites\/40\/2024\/05\/Logo-Tilkee-Horizontal.png","contentUrl":"https:\/\/www.tilkee.com\/wp-content\/uploads\/sites\/40\/2024\/05\/Logo-Tilkee-Horizontal.png","width":492,"height":72,"caption":"Tilkee by Efalia"},"image":{"@id":"https:\/\/www.tilkee.com\/de\/#\/schema\/logo\/image\/"}}]}},"_links":{"self":[{"href":"https:\/\/www.tilkee.com\/de\/wp-json\/wp\/v2\/pages\/12506"}],"collection":[{"href":"https:\/\/www.tilkee.com\/de\/wp-json\/wp\/v2\/pages"}],"about":[{"href":"https:\/\/www.tilkee.com\/de\/wp-json\/wp\/v2\/types\/page"}],"author":[{"embeddable":true,"href":"https:\/\/www.tilkee.com\/de\/wp-json\/wp\/v2\/users\/1001068"}],"replies":[{"embeddable":true,"href":"https:\/\/www.tilkee.com\/de\/wp-json\/wp\/v2\/comments?post=12506"}],"version-history":[{"count":5,"href":"https:\/\/www.tilkee.com\/de\/wp-json\/wp\/v2\/pages\/12506\/revisions"}],"predecessor-version":[{"id":12805,"href":"https:\/\/www.tilkee.com\/de\/wp-json\/wp\/v2\/pages\/12506\/revisions\/12805"}],"wp:attachment":[{"href":"https:\/\/www.tilkee.com\/de\/wp-json\/wp\/v2\/media?parent=12506"}],"curies":[{"name":"wp","href":"https:\/\/api.w.org\/{rel}","templated":true}]}}